{"id":151,"date":"2020-06-24T20:56:06","date_gmt":"2020-06-24T20:56:06","guid":{"rendered":"http:\/\/consto.themezinho.net\/?page_id=151"},"modified":"2025-03-01T14:18:08","modified_gmt":"2025-03-01T13:18:08","slug":"angebot","status":"publish","type":"page","link":"https:\/\/vishi.ch\/?page_id=151","title":{"rendered":"Angebot"},"content":{"rendered":"<section class=\"wpb-content-wrapper\"><p>[vc_row use_container=&#187;yes&#187;][vc_column offset=&#187;vc_col-md-4&#8243;][ts_icon_box icon=&#187;28&#8243; title=&#187;Planung&#187; description=&#187;Die Planung l\u00e4uft in Einklang mit ihren Bed\u00fcrfnissen und Vorgaben.&#187;][\/vc_column][vc_column offset=&#187;vc_col-md-4&#8243;][ts_icon_box icon=&#187;31&#8243; title=&#187;Ausf\u00fchrung&#187; description=&#187;Bei der Ausf\u00fchrung legen wir Wert auf Qualit\u00e4t und P\u00fcnktlichkeit.&#187;][\/vc_column][vc_column offset=&#187;vc_col-md-4&#8243;][ts_icon_box icon=&#187;32&#8243; title=&#187;Betreuung&#187; description=&#187;Wir lassen Sie auch nach der Ausf\u00fchrung nicht im Regen stehen.&#187;][\/vc_column][\/vc_row][vc_row motts_theme_padding=&#187;no&#187; use_container=&#187;yes&#187; section_background_image=&#187;156&#8243;][vc_column][vc_row_inner][vc_column_inner width=&#187;3\/4&#8243; offset=&#187;vc_col-md-offset-6 vc_col-md-6&#8243;][ts_service_list_box title=&#187;Was uns ausmacht&#187; text_content=&#187;Arbeiten mit der Vishi Bau AG bietet eine Reihe von Vorteilen, die sowohl auf ihre Erfahrung als auch auf ihre Verpflichtung zu Exzellenz und Kundenzufriedenheit zur\u00fcckzuf\u00fchren sind. Hier sind einige Gr\u00fcnde, warum Menschen sich f\u00fcr eine Zusammenarbeit mit Vishi Bau AG entscheiden sollten:<\/p>\n<ul>\n<li>Erfahrung und Fachwissen<\/li>\n<li>Verpflichtung zur Qualit\u00e4t<\/li>\n<li>Herausragender Kundenservice<\/li>\n<li>Einsatz innovativer Technologien<\/li>\n<li>Fokus auf Nachhaltigkeit und Umweltschutz<\/li>\n<li>Breites Spektrum an Dienstleistungen<\/li>\n<li>Zuverl\u00e4ssigkeit und Vertrauensw\u00fcrdigkeit<\/li>\n<li>Ma\u00dfgeschneiderte L\u00f6sungsans\u00e4tze<\/li>\n<li>Engagement f\u00fcr erneuerbare Energien<\/li>\n<li>Effizienzsteigerung und Kostensenkung bei Projekten<\/li>\n<\/ul>\n<p>&#171;][\/vc_column_inner][\/vc_row_inner][\/vc_column][\/vc_row][vc_row section_background_color=&#187;#f7f6f1&#8243; use_container=&#187;yes&#187; use_predefined_class=&#187;yes&#187; predefined_class=&#187;white-space-bottom&#187;][vc_column][vc_row_inner][vc_column_inner offset=&#187;vc_col-md-7&#8243;][ts_section_title align=&#187;left&#187; tagline=&#187;Vishi Bau AG&#187; title=&#187;Gest\u00fctzt auf drei Werten&#187;][\/vc_column_inner][vc_column_inner offset=&#187;vc_col-md-5&#8243;][vc_column_text]Unser vielf\u00e4ltiges Portfolio steht f\u00fcr jahrzehntelange Bauerfahrung, gest\u00fctzt auf eine Leidenschaft f\u00fcr Qualit\u00e4t, herausragenden Kundenservice und f\u00fchrende Technologien in der Branche.[\/vc_column_text][\/vc_column_inner][\/vc_row_inner][vc_row_inner][vc_column_inner offset=&#187;vc_col-md-4&#8243;][ts_step_box image=&#187;163&#8243; number=&#187;01.&#187; icon=&#187;28&#8243; title=&#187;Unser Team&#187;][\/vc_column_inner][vc_column_inner offset=&#187;vc_col-md-4&#8243;][ts_step_box image=&#187;164&#8243; number=&#187;02.&#187; icon=&#187;28&#8243; title=&#187;Unsere Prozesse&#187;][\/vc_column_inner][vc_column_inner offset=&#187;vc_col-md-4&#8243;][ts_step_box image=&#187;165&#8243; number=&#187;03.&#187; icon=&#187;28&#8243; title=&#187;Unsere Partner&#187;][\/vc_column_inner][\/vc_row_inner][\/vc_column][\/vc_row][vc_row motts_theme_padding=&#187;no&#187; use_container=&#187;yes&#187;][vc_column][ts_tab_content title=&#187;Ein kurzer Einblick&#187; info_text=&#187;Unser vielf\u00e4ltiges Portfolio steht f\u00fcr jahrzehntelange Bauerfahrung, gest\u00fctzt auf eine Leidenschaft f\u00fcr Qualit\u00e4t, herausragenden Kundenservice und f\u00fchrende Technologien in der Branche.&#187; details=&#187;%5B%7B%22tab_item%22%3A%22Armierungen%22%2C%22image%22%3A%22179%22%7D%2C%7B%22tab_item%22%3A%22Solar%22%2C%22image%22%3A%22180%22%7D%2C%7B%22tab_item%22%3A%22Markierungen%22%2C%22image%22%3A%22181%22%7D%2C%7B%22tab_item%22%3A%22Schalungen%22%2C%22image%22%3A%22182%22%7D%5D&#187;][\/vc_column][\/vc_row][vc_row use_container=&#187;yes&#187; css=&#187;.vc_custom_1593082927081{margin-right: 0px !important;margin-left: 0px !important;}&#187;][vc_column][vc_row_inner][vc_column_inner css=&#187;.vc_custom_1593083311818{padding-right: 0px !important;padding-left: 0px !important;}&#187;][ts_section_title align=&#187;left&#187; tagline=&#187;Unsere Arbeitsbereiche&#187; title=&#187;Sektoren in denen wir t\u00e4tig sind&#187;][\/vc_column_inner][\/vc_row_inner][vc_row_inner][vc_column_inner width=&#187;1\/2&#8243; css=&#187;.vc_custom_1592996185410{padding-right: 0px !important;padding-left: 0px !important;}&#187;][ts_sector_box title=&#187;Armierungen&#187;][\/vc_column_inner][vc_column_inner width=&#187;1\/2&#8243; css=&#187;.vc_custom_1592996196129{padding-right: 0px !important;padding-left: 0px !important;}&#187;][ts_sector_box title=&#187;Solar&#187;][\/vc_column_inner][\/vc_row_inner][vc_row_inner][vc_column_inner width=&#187;1\/2&#8243; css=&#187;.vc_custom_1592996185410{padding-right: 0px !important;padding-left: 0px !important;}&#187;][ts_sector_box title=&#187;Markierungen&#187;][\/vc_column_inner][vc_column_inner width=&#187;1\/2&#8243; css=&#187;.vc_custom_1592996196129{padding-right: 0px !important;padding-left: 0px !important;}&#187;][ts_sector_box title=&#187;Schalungen&#187;][\/vc_column_inner][\/vc_row_inner][\/vc_column][\/vc_row]<\/p>\n<\/section>","protected":false},"excerpt":{"rendered":"<p>[vc_row use_container=&#187;yes&#187;][vc_column offset=&#187;vc_col-md-4&#8243;][ts_icon_box icon=&#187;28&#8243; title=&#187;Planung&#187; description=&#187;Die Planung l\u00e4uft in Einklang mit ihren Bed\u00fcrfnissen und Vorgaben.&#187;][\/vc_column][vc_column offset=&#187;vc_col-md-4&#8243;][ts_icon_box icon=&#187;31&#8243; title=&#187;Ausf\u00fchrung&#187; description=&#187;Bei der Ausf\u00fchrung legen wir Wert auf Qualit\u00e4t und P\u00fcnktlichkeit.&#187;][\/vc_column][vc_column offset=&#187;vc_col-md-4&#8243;][ts_icon_box icon=&#187;32&#8243; title=&#187;Betreuung&#187; description=&#187;Wir lassen Sie auch nach der Ausf\u00fchrung nicht im Regen stehen.&#187;][\/vc_column][\/vc_row][vc_row motts_theme_padding=&#187;no&#187; use_container=&#187;yes&#187; section_background_image=&#187;156&#8243;][vc_column][vc_row_inner][vc_column_inner width=&#187;3\/4&#8243; offset=&#187;vc_col-md-offset-6 vc_col-md-6&#8243;][ts_service_list_box title=&#187;Was uns ausmacht&#187; text_content=&#187;Arbeiten mit der Vishi [&hellip;]<\/p>\n","protected":false},"author":1,"featured_media":0,"parent":0,"menu_order":0,"comment_status":"closed","ping_status":"closed","template":"page-builder.php","meta":{"footnotes":""},"class_list":["post-151","page","type-page","status-publish","hentry"],"acf":[],"_links":{"self":[{"href":"https:\/\/vishi.ch\/index.php?rest_route=\/wp\/v2\/pages\/151","targetHints":{"allow":["GET"]}}],"collection":[{"href":"https:\/\/vishi.ch\/index.php?rest_route=\/wp\/v2\/pages"}],"about":[{"href":"https:\/\/vishi.ch\/index.php?rest_route=\/wp\/v2\/types\/page"}],"author":[{"embeddable":true,"href":"https:\/\/vishi.ch\/index.php?rest_route=\/wp\/v2\/users\/1"}],"replies":[{"embeddable":true,"href":"https:\/\/vishi.ch\/index.php?rest_route=%2Fwp%2Fv2%2Fcomments&post=151"}],"version-history":[{"count":14,"href":"https:\/\/vishi.ch\/index.php?rest_route=\/wp\/v2\/pages\/151\/revisions"}],"predecessor-version":[{"id":446,"href":"https:\/\/vishi.ch\/index.php?rest_route=\/wp\/v2\/pages\/151\/revisions\/446"}],"wp:attachment":[{"href":"https:\/\/vishi.ch\/index.php?rest_route=%2Fwp%2Fv2%2Fmedia&parent=151"}],"curies":[{"name":"wp","href":"https:\/\/api.w.org\/{rel}","templated":true}]}}